{"id":64,"date":"2022-07-05T01:05:18","date_gmt":"2022-07-04T22:05:18","guid":{"rendered":"http:\/\/www.hevosalanareena.fi\/?page_id=64"},"modified":"2022-07-05T12:32:28","modified_gmt":"2022-07-05T09:32:28","slug":"yhteystiedot","status":"publish","type":"page","link":"https:\/\/www.hevosalanareena.fi\/?page_id=64","title":{"rendered":"Yhteystiedot"},"content":{"rendered":"\n<p>Projektip\u00e4\u00e4llikk\u00f6<br>Menna Rantala \/ HAMK <br>Puh. 040 3529913 <br>menna.rantala@hamk.fi<\/p>\n","protected":false},"excerpt":{"rendered":"<p>Projektip\u00e4\u00e4llikk\u00f6Menna Rantala \/ HAMK Puh. 040 3529913 menna.rantala@hamk.fi<\/p>\n","protected":false},"author":1,"featured_media":0,"parent":0,"menu_order":0,"comment_status":"closed","ping_status":"closed","template":"","meta":{"footnotes":""},"class_list":["post-64","page","type-page","status-publish","hentry"],"_links":{"self":[{"href":"https:\/\/www.hevosalanareena.fi\/index.php?rest_route=\/wp\/v2\/pages\/64","targetHints":{"allow":["GET"]}}],"collection":[{"href":"https:\/\/www.hevosalanareena.fi\/index.php?rest_route=\/wp\/v2\/pages"}],"about":[{"href":"https:\/\/www.hevosalanareena.fi\/index.php?rest_route=\/wp\/v2\/types\/page"}],"author":[{"embeddable":true,"href":"https:\/\/www.hevosalanareena.fi\/index.php?rest_route=\/wp\/v2\/users\/1"}],"replies":[{"embeddable":true,"href":"https:\/\/www.hevosalanareena.fi\/index.php?rest_route=%2Fwp%2Fv2%2Fcomments&post=64"}],"version-history":[{"count":2,"href":"https:\/\/www.hevosalanareena.fi\/index.php?rest_route=\/wp\/v2\/pages\/64\/revisions"}],"predecessor-version":[{"id":68,"href":"https:\/\/www.hevosalanareena.fi\/index.php?rest_route=\/wp\/v2\/pages\/64\/revisions\/68"}],"wp:attachment":[{"href":"https:\/\/www.hevosalanareena.fi\/index.php?rest_route=%2Fwp%2Fv2%2Fmedia&parent=64"}],"curies":[{"name":"wp","href":"https:\/\/api.w.org\/{rel}","templated":true}]}}