{"id":95,"date":"2022-07-27T10:50:52","date_gmt":"2022-07-27T07:50:52","guid":{"rendered":"http:\/\/www.hevosalanareena.fi\/?page_id=95"},"modified":"2023-04-26T13:37:03","modified_gmt":"2023-04-26T10:37:03","slug":"etalahetys","status":"publish","type":"page","link":"http:\/\/www.hevosalanareena.fi\/?page_id=95","title":{"rendered":"Tallenne 2022"},"content":{"rendered":"\n<p>Hevosalan Areenan tallenne 2022 l\u00f6ytyy t\u00e4\u00e4lt\u00e4.<\/p>\n\n\n\n<div style=\"padding:56.25% 0 0 0;position:relative;\"><iframe src=\"https:\/\/player.vimeo.com\/video\/732423771?h=35694f88af&amp;badge=0&amp;autopause=0&amp;player_id=0&amp;app_id=58479\" frameborder=\"0\" allow=\"autoplay; fullscreen; picture-in-picture\" allowfullscreen style=\"position:absolute;top:0;left:0;width:100%;height:100%;\" title=\"Hevosalan areena\"><\/iframe><\/div><script src=\"https:\/\/player.vimeo.com\/api\/player.js\"><\/script>\n\n\n\n<div style=\"height:92px\" aria-hidden=\"true\" class=\"wp-block-spacer\"><\/div>\n\n\n\n<p><\/p>\n","protected":false},"excerpt":{"rendered":"<p>Hevosalan Areenan tallenne 2022 l\u00f6ytyy t\u00e4\u00e4lt\u00e4.<\/p>\n","protected":false},"author":1,"featured_media":0,"parent":0,"menu_order":0,"comment_status":"closed","ping_status":"closed","template":"","meta":{"footnotes":""},"class_list":["post-95","page","type-page","status-publish","hentry"],"_links":{"self":[{"href":"http:\/\/www.hevosalanareena.fi\/index.php?rest_route=\/wp\/v2\/pages\/95","targetHints":{"allow":["GET"]}}],"collection":[{"href":"http:\/\/www.hevosalanareena.fi\/index.php?rest_route=\/wp\/v2\/pages"}],"about":[{"href":"http:\/\/www.hevosalanareena.fi\/index.php?rest_route=\/wp\/v2\/types\/page"}],"author":[{"embeddable":true,"href":"http:\/\/www.hevosalanareena.fi\/index.php?rest_route=\/wp\/v2\/users\/1"}],"replies":[{"embeddable":true,"href":"http:\/\/www.hevosalanareena.fi\/index.php?rest_route=%2Fwp%2Fv2%2Fcomments&post=95"}],"version-history":[{"count":10,"href":"http:\/\/www.hevosalanareena.fi\/index.php?rest_route=\/wp\/v2\/pages\/95\/revisions"}],"predecessor-version":[{"id":155,"href":"http:\/\/www.hevosalanareena.fi\/index.php?rest_route=\/wp\/v2\/pages\/95\/revisions\/155"}],"wp:attachment":[{"href":"http:\/\/www.hevosalanareena.fi\/index.php?rest_route=%2Fwp%2Fv2%2Fmedia&parent=95"}],"curies":[{"name":"wp","href":"https:\/\/api.w.org\/{rel}","templated":true}]}}