{"id":142,"date":"2023-04-26T10:18:45","date_gmt":"2023-04-26T07:18:45","guid":{"rendered":"http:\/\/www.hevosalanareena.fi\/?page_id=142"},"modified":"2023-05-17T18:12:03","modified_gmt":"2023-05-17T15:12:03","slug":"ohjelma","status":"publish","type":"page","link":"http:\/\/www.hevosalanareena.fi\/?page_id=142","title":{"rendered":"Ohjelma"},"content":{"rendered":"\n<p>Puhutaan hevosesta! <\/p>\n\n\n\n<p>L\u00e4mpim\u00e4sti tervetuloa vuoden 2023 Hevosalan Areenaan H\u00e4meen Linnaan, Linnasali, Kustaa III:n katu 6, 13100 H\u00e4meenlinna, klo 11.30\u201315.30. <\/p>\n\n\n\n<p>Aamup\u00e4iv\u00e4ll\u00e4 oheisohjelmana tutustumismahdollisuus <strong>Aulangon Ratsastuskouluun<\/strong> klo 9.30\u201310.30 ja p\u00e4iv\u00e4n p\u00e4\u00e4tteeksi <strong>H\u00e4meen Linnaan<\/strong> 15.30\u201316.15. <\/p>\n\n\n\n<p>Areena on avoin kaikille hevosalasta ja sen kerrannaisvaikutuksista kiinnostuneille, niin harrastajille, ammattilaisille, sidosryhmille ja p\u00e4\u00e4tt\u00e4jille.<\/p>\n\n\n\n<p>Areenan puheenvuoroista osa on englanniksi. <a href=\"https:\/\/link.webropol.com\/ep\/hevosalanareena23\" target=\"_blank\" rel=\"noreferrer noopener\">Ilmoittautumiset ke 24.5.2023 menness\u00e4 t\u00e4\u00e4lt\u00e4<\/a>, <strong>paikkoja on rajoitetusti<\/strong>. Mik\u00e4li ilmoittaudut ja et p\u00e4\u00e4se paikan p\u00e4\u00e4lle, muistathan perua vahvistusviestin linkist\u00e4 ilmoittautumisesi, niin paikkasi vapautuu seuraavalle \u2013 kiitos. Tapahtumasta ei j\u00e4rjestet\u00e4 verkkostriimausta.<\/p>\n\n\n\n<p><br>9.30-10.30&nbsp;OHEISOHJELMA<br>Tutustuminen Aulangon ratsastuskoulun monipuoliseen toimintaan:<br>ratsastuskoulu, matkailupalvelut, nuorten ratsuhevosten koulutus, kilpailut ja tapahtumat Master-ratsastuksenopettaja, kilparatsastaja, agrologi YAMK Salla Varenti esittelee<br>Aulangonkuja 3, H\u00e4meenlinna<br><br>Omakustanteinen lounas itsen\u00e4isesti<br><br>11.30&nbsp;&nbsp;&nbsp;&nbsp;&nbsp;&nbsp;&nbsp;&nbsp;&nbsp;&nbsp;&nbsp;&nbsp;&nbsp;&nbsp;&nbsp;&nbsp; <br>H\u00e4meen Linna, Linnasali, kahvitarjoilu<\/p>\n\n\n\n<p>12&nbsp;.00 Ohjelma alkaa<\/p>\n\n\n\n<ul class=\"wp-block-list\">\n<li>Tilaisuuden avaus,<br>Katja St\u00e5hl<\/li>\n\n\n\n<li>Tervetulosanat, <br>projektip\u00e4\u00e4llikk\u00f6 Menna Rantala, Hevosh\u00e4me, HAMK<\/li>\n\n\n\n<li>Hevonen keskiajalla, <br>kulttuuri- ja luonto-ohjaaja Juha Erola, Suomen Hevosurheilumuseo<\/li>\n\n\n\n<li>Hevosmatkailu ja vastuullisuus, <br>johtava tutkija Markku Saastamoinen, Luonnonvarakeskus<\/li>\n\n\n\n<li>Yhteisen hevosharrastuksen merkitys, <br>H\u00e4meenlinnan kaupunginteatterin johtaja Anna-Elina Lyytik\u00e4inen &amp; poika Ky\u00f6sti Kiiskil\u00e4 12v.<\/li>\n\n\n\n<li>Hevonen matkailussa ja kulttuurissa, <br>professori Pauliina Raento<\/li>\n\n\n\n<li>Euroopan suurin raviurheilutapahtuma 2022, kuinka se tehtiin, <br>toiminnanjohtaja Elina Hirvonen, Pilvenm\u00e4ki &amp; Teivo. <\/li>\n\n\n\n<li>Sustainable equine events and tourism in rural communities, <br>professor Kate Dashper, Leeds Beckett University, UK<\/li>\n\n\n\n<li>Discussion about social license in horse tourism,<br>Katja St\u00e5hl, Kate Dashper, Elina Hirvonen, Markku Saastamoinen<\/li>\n\n\n\n<li>P\u00e4\u00e4t\u00f6ssanat<\/li>\n<\/ul>\n\n\n\n<p>15.30\u201316.15 &nbsp;&nbsp; <br>Mahdollisuus H\u00e4meen Linnan kierrokseen, maksuton Hevosalan Areenan osallistujille<\/p>\n","protected":false},"excerpt":{"rendered":"<p>Puhutaan hevosesta! L\u00e4mpim\u00e4sti tervetuloa vuoden 2023 Hevosalan Areenaan H\u00e4meen Linnaan, Linnasali, Kustaa III:n katu 6, 13100 H\u00e4meenlinna, klo 11.30\u201315.30. Aamup\u00e4iv\u00e4ll\u00e4 oheisohjelmana tutustumismahdollisuus Aulangon Ratsastuskouluun klo 9.30\u201310.30 ja p\u00e4iv\u00e4n p\u00e4\u00e4tteeksi H\u00e4meen<\/p>\n<p><a href=\"http:\/\/www.hevosalanareena.fi\/?page_id=142\" class=\"more-link\">Lue lis\u00e4\u00e4&#8230;<span class=\"screen-reader-text\">Ohjelma<\/span><\/a><\/p>\n","protected":false},"author":1,"featured_media":0,"parent":0,"menu_order":0,"comment_status":"closed","ping_status":"closed","template":"","meta":{"footnotes":""},"class_list":["post-142","page","type-page","status-publish","hentry"],"_links":{"self":[{"href":"http:\/\/www.hevosalanareena.fi\/index.php?rest_route=\/wp\/v2\/pages\/142","targetHints":{"allow":["GET"]}}],"collection":[{"href":"http:\/\/www.hevosalanareena.fi\/index.php?rest_route=\/wp\/v2\/pages"}],"about":[{"href":"http:\/\/www.hevosalanareena.fi\/index.php?rest_route=\/wp\/v2\/types\/page"}],"author":[{"embeddable":true,"href":"http:\/\/www.hevosalanareena.fi\/index.php?rest_route=\/wp\/v2\/users\/1"}],"replies":[{"embeddable":true,"href":"http:\/\/www.hevosalanareena.fi\/index.php?rest_route=%2Fwp%2Fv2%2Fcomments&post=142"}],"version-history":[{"count":9,"href":"http:\/\/www.hevosalanareena.fi\/index.php?rest_route=\/wp\/v2\/pages\/142\/revisions"}],"predecessor-version":[{"id":185,"href":"http:\/\/www.hevosalanareena.fi\/index.php?rest_route=\/wp\/v2\/pages\/142\/revisions\/185"}],"wp:attachment":[{"href":"http:\/\/www.hevosalanareena.fi\/index.php?rest_route=%2Fwp%2Fv2%2Fmedia&parent=142"}],"curies":[{"name":"wp","href":"https:\/\/api.w.org\/{rel}","templated":true}]}}